{"id":7,"date":"2020-12-28T21:03:41","date_gmt":"2020-12-28T20:03:41","guid":{"rendered":"http:\/\/helberg.pl\/?page_id=7"},"modified":"2023-08-04T17:00:54","modified_gmt":"2023-08-04T15:00:54","slug":"o-nas","status":"publish","type":"page","link":"https:\/\/helberg.pl\/","title":{"rendered":""},"content":{"rendered":"\n<p class=\"has-text-align-left\">Nasza firma istnieje nieprzerwanie od 1996 roku.<br>Od tego czasu staramy sie wychodzi\u0107 naprzeciw potrzebom dynamicznie rozwijaj\u0105cego si\u0119 rynku oraz najnowszych technologii. Nasza otwarto\u015b\u0107 na nowe pomys\u0142y i praktyczne do\u015bwiadczenie, daje pewno\u015b\u0107 \u017ce w naszej ofercie znajduj\u0105 si\u0119 wysokiej jako\u015bci urz\u0105dzenia kt\u00f3re w 100% spe\u0142niaj\u0105 swoje zadania pod wzgldem zar\u00f3wno jako\u015bci jak i funkcjonalno\u015bci. Wprowadzone do oferty urz\u0105dzenia s\u0105 to konstrukcje kt\u00f3re zosta\u0142y bardzo dok\u0142adnie sprawdzone nie tylko pod k\u0105tem u\u017cytkowania ale r\u00f3wnie\u017c pod wzgl\u0119dem bezawaryjnej pracy. Wsp\u00f3\u0142pracujemy wy\u0142\u0105cznie z producentami kt\u00f3rzy posiadaj\u0105 wszelkie wymagane w UE certyfikaty, a ich urz\u0105dzenia spe\u0142niaj\u0105 wymagane normy.<br>Nasze produkty wyr\u00f3\u017cnia:<\/p>\n\n\n\n<p>\u2013 nowoczesno\u015b\u0107 konstrukcji<br>\u2013 wysoka jako\u015b\u0107 i estetyka<br>\u2013 atrakcyjno\u015b\u0107<br>\u2013 oryginalne rozwi\u0105zania technologiczne<br>\u2013 funkcjonalno\u015b\u0107<br>\u2013 szerokie zastosowanie oraz konkurencyjne ceny<br>\u2013 gwarantowana jako\u015b\u0107<br>\u2013 certyfikaty wymagane na terenie UE<\/p>\n","protected":false},"excerpt":{"rendered":"<p>Nasza firma istnieje nieprzerwanie od 1996 roku.Od tego czasu staramy sie wychodzi\u0107 naprzeciw potrzebom dynamicznie rozwijaj\u0105cego si\u0119 rynku oraz najnowszych technologii. Nasza otwarto\u015b\u0107 na nowe pomys\u0142y i praktyczne do\u015bwiadczenie, daje &#8230;<\/p>\n","protected":false},"author":1,"featured_media":0,"parent":0,"menu_order":0,"comment_status":"closed","ping_status":"closed","template":"","meta":{"om_disable_all_campaigns":false,"footnotes":""},"class_list":["post-7","page","type-page","status-publish","hentry"],"_links":{"self":[{"href":"https:\/\/helberg.pl\/index.php\/wp-json\/wp\/v2\/pages\/7","targetHints":{"allow":["GET"]}}],"collection":[{"href":"https:\/\/helberg.pl\/index.php\/wp-json\/wp\/v2\/pages"}],"about":[{"href":"https:\/\/helberg.pl\/index.php\/wp-json\/wp\/v2\/types\/page"}],"author":[{"embeddable":true,"href":"https:\/\/helberg.pl\/index.php\/wp-json\/wp\/v2\/users\/1"}],"replies":[{"embeddable":true,"href":"https:\/\/helberg.pl\/index.php\/wp-json\/wp\/v2\/comments?post=7"}],"version-history":[{"count":5,"href":"https:\/\/helberg.pl\/index.php\/wp-json\/wp\/v2\/pages\/7\/revisions"}],"predecessor-version":[{"id":113,"href":"https:\/\/helberg.pl\/index.php\/wp-json\/wp\/v2\/pages\/7\/revisions\/113"}],"wp:attachment":[{"href":"https:\/\/helberg.pl\/index.php\/wp-json\/wp\/v2\/media?parent=7"}],"curies":[{"name":"wp","href":"https:\/\/api.w.org\/{rel}","templated":true}]}}