{"id":12,"date":"2020-12-28T21:03:41","date_gmt":"2020-12-28T20:03:41","guid":{"rendered":"http:\/\/helberg.pl\/?page_id=12"},"modified":"2021-01-27T23:32:11","modified_gmt":"2021-01-27T22:32:11","slug":"pulsoksymetry","status":"publish","type":"page","link":"https:\/\/helberg.pl\/index.php\/pulsoksymetry\/","title":{"rendered":"Pulsoksymetry"},"content":{"rendered":"\n<p><strong>Markowy pulsoksymetr napalcowy HELBERG<\/strong><\/p>\n\n\n\n<p>Mierzy saturacj\u0119 SpO2, puls i index perfuzji<\/p>\n\n\n\n<div class=\"wp-block-buttons is-layout-flex wp-block-buttons-is-layout-flex\">\n<div class=\"wp-block-button\"><a class=\"wp-block-button__link\" href=\"http:\/\/gabinetspa.pl\/pulsoksymentr-medyczny-napalcowy-helberg-cms50d-p-82.html\" target=\"_blank\" rel=\"noreferrer noopener\">przejd\u017a do sklepu aby zam\u00f3wi\u0107 urz\u0105dzenie<\/a><\/div>\n<\/div>\n\n\n\n<figure class=\"wp-block-image size-large\"><img loading=\"lazy\" decoding=\"async\" width=\"720\" height=\"651\" src=\"http:\/\/helberg.pl\/wp-content\/uploads\/2020\/12\/he7.jpg\" alt=\"\" class=\"wp-image-59\" srcset=\"https:\/\/helberg.pl\/wp-content\/uploads\/2020\/12\/he7.jpg 720w, https:\/\/helberg.pl\/wp-content\/uploads\/2020\/12\/he7-300x271.jpg 300w\" sizes=\"auto, (max-width: 720px) 100vw, 720px\" \/><\/figure>\n\n\n\n<p>Urz\u0105dzenie spe\u0142nia wymogi dyrektywy 93\/42\/EEC dotycz\u0105cej produkt\u00f3w medycznych oraz posiada medyczny certyfikat CE wydany przez niemieckie laboratorium TUV SUD<\/p>\n\n\n\n<ul class=\"wp-block-list\"><li>Ma\u0142y rozmiar, lekka waga i wygodna w noszeniu.<\/li><li>Obs\u0142uga produktu jest prosta, niski pob\u00f3r mocy.<\/li><li>Z kolorowym ekranem.<\/li><li>6 tryb\u00f3w wy\u015bwietlania.<\/li><li>Z wykresem s\u0142upkowym i liniowym.<\/li><li>Automatyczne wy\u0142\u0105czanie po 5 sekundach od wyj\u0119cia palca.<\/li><li>Czas pracy na bateriach: 20h ci\u0105g\u0142ej pracy na bateriach.<\/li><li>Smycz w komplecie.<\/li><li>Baterie 2szt. AAA w komplecie<\/li><\/ul>\n\n\n\n<p>Wysokiej jako\u015bci&nbsp;<strong>napalcowy pulsoksymetr<\/strong>&nbsp;HELBERG do pomiaru SpO2 i PR u doros\u0142ych jak i dzieci od 4 roku \u017cycia (minimalna grubo\u015b\u0107 palca 1 cm). Pulsoksymetr ma czytelny, kolorowy wy\u015bwietlacz o wysokim poziomie jasno\u015bci. W ci\u0105gu kilku sekund pokazuje wynik nasycenia krwi tlenem (tzw. saturacj\u0119) t\u0119tno oraz warto\u015b\u0107 indeksu perfuzji).<\/p>\n\n\n\n<ul class=\"wp-block-list\"><li>Nasycenie krwi tlenem (saturacja) SpO2 podawane w procentach. Prawid\u0142owa warto\u015b\u0107 saturacji u os\u00f3b zdrowych wynosi 93-99%.<\/li><li>T\u0119tno (cz\u0119stotliwo\u015b\u0107 pracy serca) PRbpm &#8211; ilo\u015b\u0107 uderze\u0144 na minut\u0119. Zakres pomiarowy t\u0119tna to 30 &#8211; 250 uderze\u0144 na minut\u0119.<\/li><li>Index perfuzji liczony w procentach s\u0142u\u017cy do oceny przep\u0142ywu krwi obwodowej.<\/li><\/ul>\n","protected":false},"excerpt":{"rendered":"<p>Markowy pulsoksymetr napalcowy HELBERG Mierzy saturacj\u0119 SpO2, puls i index perfuzji Urz\u0105dzenie spe\u0142nia wymogi dyrektywy 93\/42\/EEC dotycz\u0105cej produkt\u00f3w medycznych oraz posiada medyczny certyfikat CE wydany przez niemieckie laboratorium TUV SUD &#8230;<\/p>\n","protected":false},"author":1,"featured_media":0,"parent":0,"menu_order":0,"comment_status":"closed","ping_status":"closed","template":"","meta":{"om_disable_all_campaigns":false,"footnotes":""},"class_list":["post-12","page","type-page","status-publish","hentry"],"_links":{"self":[{"href":"https:\/\/helberg.pl\/index.php\/wp-json\/wp\/v2\/pages\/12","targetHints":{"allow":["GET"]}}],"collection":[{"href":"https:\/\/helberg.pl\/index.php\/wp-json\/wp\/v2\/pages"}],"about":[{"href":"https:\/\/helberg.pl\/index.php\/wp-json\/wp\/v2\/types\/page"}],"author":[{"embeddable":true,"href":"https:\/\/helberg.pl\/index.php\/wp-json\/wp\/v2\/users\/1"}],"replies":[{"embeddable":true,"href":"https:\/\/helberg.pl\/index.php\/wp-json\/wp\/v2\/comments?post=12"}],"version-history":[{"count":3,"href":"https:\/\/helberg.pl\/index.php\/wp-json\/wp\/v2\/pages\/12\/revisions"}],"predecessor-version":[{"id":66,"href":"https:\/\/helberg.pl\/index.php\/wp-json\/wp\/v2\/pages\/12\/revisions\/66"}],"wp:attachment":[{"href":"https:\/\/helberg.pl\/index.php\/wp-json\/wp\/v2\/media?parent=12"}],"curies":[{"name":"wp","href":"https:\/\/api.w.org\/{rel}","templated":true}]}}