{"id":119,"date":"2024-11-25T12:08:48","date_gmt":"2024-11-25T11:08:48","guid":{"rendered":"https:\/\/helberg.pl\/?page_id=119"},"modified":"2024-12-10T15:04:03","modified_gmt":"2024-12-10T14:04:03","slug":"helberg-pen-4","status":"publish","type":"page","link":"https:\/\/helberg.pl\/index.php\/helberg-pen-4\/","title":{"rendered":"Helberg Pen 4"},"content":{"rendered":"\n<p>Helberg Pen 4 to nowoczesne, cyfrowo sterowane urz\u0105dzenie do mikronak\u0142uwania frakcyjnego sk\u00f3ry na twarzy i ciele.<\/p>\n\n\n<p><a href=\"https:\/\/gabinetspa.pl\/helberg-pen-4-frakcjonujaca-mezoterapia-mikroiglowa-p-98.html\"><strong>Naci\u015bnij aby przej\u015b\u0107 do sklepu internetowego<\/strong><\/a><\/p>\n\n<div class=\"wp-block-image\">\n<figure class=\"aligncenter size-full is-resized\"><img loading=\"lazy\" decoding=\"async\" width=\"536\" height=\"544\" src=\"https:\/\/helberg.pl\/wp-content\/uploads\/2024\/11\/hp1m.jpg\" alt=\"\" class=\"wp-image-148\" style=\"width:552px;height:auto\" srcset=\"https:\/\/helberg.pl\/wp-content\/uploads\/2024\/11\/hp1m.jpg 536w, https:\/\/helberg.pl\/wp-content\/uploads\/2024\/11\/hp1m-296x300.jpg 296w\" sizes=\"auto, (max-width: 536px) 100vw, 536px\" \/><\/figure>\n<\/div>\n\n<p><strong><a href=\"https:\/\/gabinetspa.pl\/helberg-pen-4-frakcjonujaca-mezoterapia-mikroiglowa-p-98.html\">Naci\u015bnij aby przej\u015b\u0107 do sklepu internetowego<\/a><\/strong><\/p>\n\n\n<p>Specjalnie zaprojektowany rozk\u0142ad igie\u0142 w kartrid\u017cu minimalizuje mikrouszkodzenia na powierzchni sk\u00f3ry.<br>Dzi\u0119ki wysokiej klasy ig\u0142om nak\u0142uwanie nie rozci\u0105ga i nie szarpie sk\u00f3ry.<br>G\u0142owica g\u0142adko prowadzi si\u0119 po sk\u00f3rze, tworz\u0105c miliony nak\u0142u\u0107 &#8211; pionowych kanalik\u00f3w frakcyjnych kt\u00f3rymi sk\u0142adniki czynne przenikaj\u0105 w g\u0142\u0105b sk\u00f3ry.<br>W ten spos\u00f3b ruchamiamy naturalny proces regeneracji i przebudowy tkanek.<br>Helberg Pen 4 to wyj\u0105tkowe narz\u0119dzie do korekcji wielu problem\u00f3w sk\u00f3ry.<\/p>\n\n\n<div class=\"wp-block-image\">\n<figure class=\"aligncenter size-full\"><img loading=\"lazy\" decoding=\"async\" width=\"414\" height=\"636\" src=\"https:\/\/helberg.pl\/wp-content\/uploads\/2024\/11\/hp3m.jpg\" alt=\"\" class=\"wp-image-152\" srcset=\"https:\/\/helberg.pl\/wp-content\/uploads\/2024\/11\/hp3m.jpg 414w, https:\/\/helberg.pl\/wp-content\/uploads\/2024\/11\/hp3m-195x300.jpg 195w\" sizes=\"auto, (max-width: 414px) 100vw, 414px\" \/><\/figure>\n<\/div>\n\n\n<p>Wykonuj\u0105c zabieg Helberg Pen 4 mo\u017cesz na bie\u017c\u0105co zarz\u0105dza\u0107 g\u0142\u0119boko\u015bci\u0105 i szybko\u015bci\u0105 nak\u0142uwania.<br>Ustawienia zabiegowe dost\u0119pne s\u0105 pod jednym przyciskiem, a wszystkie parametry mo\u017cesz \u015bledzi\u0107 na bie\u017c\u0105co na du\u017cym,<br>czytelnym wy\u015bwietlaczu LCD podczas wykonywaniu zabiegu.<\/p>\n\n\n<div class=\"wp-block-image\">\n<figure class=\"aligncenter size-large is-resized\"><img loading=\"lazy\" decoding=\"async\" width=\"399\" height=\"1024\" src=\"https:\/\/helberg.pl\/wp-content\/uploads\/2024\/11\/hp4-399x1024.jpg\" alt=\"\" class=\"wp-image-153\" style=\"width:180px;height:auto\" srcset=\"https:\/\/helberg.pl\/wp-content\/uploads\/2024\/11\/hp4-399x1024.jpg 399w, https:\/\/helberg.pl\/wp-content\/uploads\/2024\/11\/hp4-117x300.jpg 117w, https:\/\/helberg.pl\/wp-content\/uploads\/2024\/11\/hp4-599x1536.jpg 599w, https:\/\/helberg.pl\/wp-content\/uploads\/2024\/11\/hp4.jpg 723w\" sizes=\"auto, (max-width: 399px) 100vw, 399px\" \/><\/figure>\n<\/div>\n\n\n<p>Zalety Helberg Pen4:<\/p>\n\n\n\n<ul class=\"wp-block-list\">\n<li>skuteczne wykonanie zabiegu ze wzgl\u0119du na dobrze dobran\u0105 g\u0142\u0119boko\u015b\u0107 nak\u0142u\u0107.<\/li>\n\n\n\n<li>podczas zabiegu mo\u017cna nak\u0142uwa\u0107 sk\u00f3r\u0119 na r\u00f3\u017cnych g\u0142\u0119boko\u015bciach &#8211; kontrola nak\u0142u\u0107 online.<\/li>\n\n\n\n<li>intensywne przenikanie substancji czynnych.<\/li>\n\n\n\n<li>komfort pacjenta &#8211; minimalne odczucia b\u00f3lowe.<\/li>\n\n\n\n<li>sterylne kartrid\u017ce to bezpiecze\u0144stwo pacjenta i szybka rekonwalescencja.<\/li>\n<\/ul>\n\n\n<div class=\"wp-block-image\">\n<figure class=\"aligncenter size-full is-resized\"><img loading=\"lazy\" decoding=\"async\" width=\"744\" height=\"627\" src=\"https:\/\/helberg.pl\/wp-content\/uploads\/2024\/11\/hp2m-1.jpg\" alt=\"\" class=\"wp-image-154\" style=\"width:551px;height:auto\" srcset=\"https:\/\/helberg.pl\/wp-content\/uploads\/2024\/11\/hp2m-1.jpg 744w, https:\/\/helberg.pl\/wp-content\/uploads\/2024\/11\/hp2m-1-300x253.jpg 300w\" sizes=\"auto, (max-width: 744px) 100vw, 744px\" \/><\/figure>\n<\/div>","protected":false},"excerpt":{"rendered":"<p>Helberg Pen 4 to nowoczesne, cyfrowo sterowane urz\u0105dzenie do mikronak\u0142uwania frakcyjnego sk\u00f3ry na twarzy i ciele. Naci\u015bnij aby przej\u015b\u0107 do sklepu internetowego Naci\u015bnij aby przej\u015b\u0107 do sklepu internetowego Specjalnie zaprojektowany &#8230;<\/p>\n","protected":false},"author":1,"featured_media":0,"parent":0,"menu_order":0,"comment_status":"closed","ping_status":"closed","template":"","meta":{"om_disable_all_campaigns":false,"footnotes":""},"class_list":["post-119","page","type-page","status-publish","hentry"],"_links":{"self":[{"href":"https:\/\/helberg.pl\/index.php\/wp-json\/wp\/v2\/pages\/119","targetHints":{"allow":["GET"]}}],"collection":[{"href":"https:\/\/helberg.pl\/index.php\/wp-json\/wp\/v2\/pages"}],"about":[{"href":"https:\/\/helberg.pl\/index.php\/wp-json\/wp\/v2\/types\/page"}],"author":[{"embeddable":true,"href":"https:\/\/helberg.pl\/index.php\/wp-json\/wp\/v2\/users\/1"}],"replies":[{"embeddable":true,"href":"https:\/\/helberg.pl\/index.php\/wp-json\/wp\/v2\/comments?post=119"}],"version-history":[{"count":5,"href":"https:\/\/helberg.pl\/index.php\/wp-json\/wp\/v2\/pages\/119\/revisions"}],"predecessor-version":[{"id":159,"href":"https:\/\/helberg.pl\/index.php\/wp-json\/wp\/v2\/pages\/119\/revisions\/159"}],"wp:attachment":[{"href":"https:\/\/helberg.pl\/index.php\/wp-json\/wp\/v2\/media?parent=119"}],"curies":[{"name":"wp","href":"https:\/\/api.w.org\/{rel}","templated":true}]}}