{"id":118,"date":"2024-11-25T12:08:48","date_gmt":"2024-11-25T11:08:48","guid":{"rendered":"https:\/\/helberg.pl\/?page_id=118"},"modified":"2026-01-15T12:26:44","modified_gmt":"2026-01-15T11:26:44","slug":"autoklawy","status":"publish","type":"page","link":"https:\/\/helberg.pl\/index.php\/autoklawy\/","title":{"rendered":"Autoklawy klasy B"},"content":{"rendered":"\n<h2 class=\"wp-block-heading\">Autoklaw klasy B &#8211; Helberg Life o pojemno\u015bci 18l oraz 22l z drukark\u0105<\/h2>\n\n\n<div class=\"wp-block-image\">\n<figure class=\"aligncenter size-large is-resized\"><img loading=\"lazy\" decoding=\"async\" width=\"1024\" height=\"683\" src=\"http:\/\/helberg.pl\/wp-content\/uploads\/2024\/11\/DSC2573-1024x683.jpg\" alt=\"\" class=\"wp-image-133\" style=\"aspect-ratio:1.4992888417882142;width:578px;height:auto\" srcset=\"https:\/\/helberg.pl\/wp-content\/uploads\/2024\/11\/DSC2573-1024x683.jpg 1024w, https:\/\/helberg.pl\/wp-content\/uploads\/2024\/11\/DSC2573-300x200.jpg 300w, https:\/\/helberg.pl\/wp-content\/uploads\/2024\/11\/DSC2573-768x512.jpg 768w, https:\/\/helberg.pl\/wp-content\/uploads\/2024\/11\/DSC2573-1536x1024.jpg 1536w, https:\/\/helberg.pl\/wp-content\/uploads\/2024\/11\/DSC2573-2048x1365.jpg 2048w\" sizes=\"auto, (max-width: 1024px) 100vw, 1024px\" \/><\/figure>\n<\/div>\n\n\n<p>Autoklaw paro-ci\u015bnieniowy <strong>Helberg Life<\/strong> o pojemno\u015bci 18L to doskona\u0142e urz\u0105dzenie do sterylizacji narz\u0119dzi w gabinetach lekarskich, stomatologicznych, kosmetycznych, a tak\u017ce w studiach tatua\u017cu oraz gabinetach weterynaryjnych. Dzi\u0119ki wykorzystaniu <strong>frakcjonowanej pr\u00f3\u017cni wst\u0119pnej<\/strong>, Helberg Life zapewnia najwy\u017csz\u0105 jako\u015b\u0107 dekontaminacji, niezale\u017cnie od tego, czy przedmioty s\u0105 opakowane, czy te\u017c nie. Pojemno\u015b\u0107 18 litr\u00f3w pozwala na jednoczesn\u0105 sterylizacj\u0119 wielu pilnik\u00f3w, no\u017cyczek, cewnik\u00f3w, ko\u0144c\u00f3wek stomatologicznych czy igie\u0142, co oszcz\u0119dza nie tylko czas, ale te\u017c energi\u0119, a w komorze o wymiarach 250x350mm zmieszcz\u0105 si\u0119 nawet wi\u0119ksze narz\u0119dzia. Dost\u0119pny jest te\u017c program ekspresowy &#8222;flash&#8221;, <strong>kt\u00f3ry trwa jedynie 8 minut*<\/strong>. Nasz autoklaw spe\u0142nia wymogi <strong>dyrektywy medycznej 93\/42\/EEC<\/strong> oraz posiada <strong>medyczny certyfikat CE<\/strong>, wi\u0119c pacjenci w Pa\u0144stwa gabinetach mog\u0105 czu\u0107 si\u0119 bezpiecznie.<\/p>\n\n\n\n<p>Jednak Helberg Life <strong>dba tak\u017ce o bezpiecze\u0144stwo oraz wygod\u0119 u\u017cytkownik\u00f3w!<\/strong>&nbsp;Obs\u0142uga przy u\u017cyciu wy\u015bwietlacza LED jest prosta oraz intuicyjna, a dzi\u0119ki podw\u00f3jnej blokadzie drzwi operator jest chroniony przed przypadkowymi oparzeniami. W zestawie jest te\u017c uchwyt do wyjmowania gor\u0105cych tacek z czystymi narz\u0119dziami. <strong>System autodiagnozy<\/strong> chroni przed uszkodzeniami podczas pracy poprzez monitorowanie ci\u015bnienia oraz temperatury wewn\u0105trz komory sterylizuj\u0105cej. Drukarka termiczna <strong>nie potrzebuje tuszu<\/strong> do pracy, a dzi\u0119ki niej mo\u017cna sprawdzi\u0107 chocia\u017cby wyniki test\u00f3w Bowie&amp;Dick czy te\u017c testu pr\u00f3\u017cniowego (vacuum).<br><br>Do zakupu do\u0142\u0105czamy <strong>gratis<\/strong> paszport techniczny.<\/p>\n\n\n\n<p><br><strong>Specyfikacja:<\/strong><br><br>&#8211; Klasa Autoklawu: B<br>&#8211; Certyfikacja: <strong>CE 1023, ISO 13485<\/strong><br>&#8211; Standard: <strong>PN-EN 13060:2004 + A2: 2010<\/strong><br>&#8211; Gwarancja: 24 miesi\u0105ce<br>&#8211; Napi\u0119cie: 220-230V\/50Hz<br>&#8211; Moc:1,8KW<br>&#8211; Temperatura sterylizacji:&nbsp;121<sup>o<\/sup>C, 134<sup>o<\/sup>C<br>&#8211; Rozmiar produktu: 56x46x40cm<br>&#8211; \u015arednica komory: 25cm<br>&#8211; G\u0142\u0119boko\u015b\u0107 komory: 35cm<br>&#8211; Pojemno\u015b\u0107 komory: 18l lub 22l<br>&#8211; Materia\u0142 wykonania komory: Stal nierdzewna 304<br>&#8211; Rozmiar min sto\u0142u do monta\u017cu: 45x55cm<br>&#8211; Waga netto:&nbsp;44kg<br>&#8211; Typ ekranu: wy\u015bwietlacz LCD<br>&#8211; Blokada drzwi: tak, mechaniczna + elektryczna<br>&#8211;&nbsp;Drukarka rejestruj\u0105ca: tak&nbsp;<br>&#8211; Max. ci\u015bnienie pracy: +0,21~0,23MPa<br>&#8211; Czujnik ci\u015bnienia: tak<br>&#8211; Max. temperatura pracy: 134-137<sup>o<\/sup>C<br>&#8211; Czujnik temperatury: tak<br>&#8211;&nbsp;Zbiornik na wod\u0119 do&nbsp;sterylizacji:tak, 2l<br><br>Zestaw zawiera: autoklaw, komplet trzech tacek na pakiety, kosz z prowadnicami na tacki, uchwyt do wyjmowania tacek, instrukcja obs\u0142ugi w j\u0119zyku polskim, paszport techniczny, rurka spustowa, kabel zasilaj\u0105cy, karta gwarancyjna.<br>*czas liczony od momentu nagrzania si\u0119 komory.<\/p>\n\n\n\n<figure class=\"wp-block-gallery has-nested-images columns-default is-cropped wp-block-gallery-1 is-layout-flex wp-block-gallery-is-layout-flex\">\n<figure class=\"wp-block-image size-large\"><img loading=\"lazy\" decoding=\"async\" width=\"1024\" height=\"683\" data-id=\"133\" src=\"https:\/\/helberg.pl\/wp-content\/uploads\/2024\/11\/DSC2573-1024x683.jpg\" alt=\"\" class=\"wp-image-133\" srcset=\"https:\/\/helberg.pl\/wp-content\/uploads\/2024\/11\/DSC2573-1024x683.jpg 1024w, https:\/\/helberg.pl\/wp-content\/uploads\/2024\/11\/DSC2573-300x200.jpg 300w, https:\/\/helberg.pl\/wp-content\/uploads\/2024\/11\/DSC2573-768x512.jpg 768w, https:\/\/helberg.pl\/wp-content\/uploads\/2024\/11\/DSC2573-1536x1024.jpg 1536w, https:\/\/helberg.pl\/wp-content\/uploads\/2024\/11\/DSC2573-2048x1365.jpg 2048w\" sizes=\"auto, (max-width: 1024px) 100vw, 1024px\" \/><\/figure>\n\n\n\n<figure class=\"wp-block-image size-large\"><img loading=\"lazy\" decoding=\"async\" width=\"1024\" height=\"683\" data-id=\"127\" src=\"https:\/\/helberg.pl\/wp-content\/uploads\/2024\/11\/DSC2564-1024x683.jpg\" alt=\"\" class=\"wp-image-127\" srcset=\"https:\/\/helberg.pl\/wp-content\/uploads\/2024\/11\/DSC2564-1024x683.jpg 1024w, https:\/\/helberg.pl\/wp-content\/uploads\/2024\/11\/DSC2564-300x200.jpg 300w, https:\/\/helberg.pl\/wp-content\/uploads\/2024\/11\/DSC2564-768x512.jpg 768w, https:\/\/helberg.pl\/wp-content\/uploads\/2024\/11\/DSC2564-1536x1024.jpg 1536w, https:\/\/helberg.pl\/wp-content\/uploads\/2024\/11\/DSC2564-2048x1365.jpg 2048w\" sizes=\"auto, (max-width: 1024px) 100vw, 1024px\" \/><\/figure>\n\n\n\n<figure class=\"wp-block-image size-large\"><img loading=\"lazy\" decoding=\"async\" width=\"1024\" height=\"683\" data-id=\"128\" src=\"https:\/\/helberg.pl\/wp-content\/uploads\/2024\/11\/DSC2530-1024x683.jpg\" alt=\"\" class=\"wp-image-128\" srcset=\"https:\/\/helberg.pl\/wp-content\/uploads\/2024\/11\/DSC2530-1024x683.jpg 1024w, https:\/\/helberg.pl\/wp-content\/uploads\/2024\/11\/DSC2530-300x200.jpg 300w, https:\/\/helberg.pl\/wp-content\/uploads\/2024\/11\/DSC2530-768x512.jpg 768w, https:\/\/helberg.pl\/wp-content\/uploads\/2024\/11\/DSC2530-1536x1024.jpg 1536w, https:\/\/helberg.pl\/wp-content\/uploads\/2024\/11\/DSC2530-2048x1365.jpg 2048w\" sizes=\"auto, (max-width: 1024px) 100vw, 1024px\" \/><\/figure>\n\n\n\n<figure class=\"wp-block-image size-large\"><img loading=\"lazy\" decoding=\"async\" width=\"1024\" height=\"683\" data-id=\"129\" src=\"https:\/\/helberg.pl\/wp-content\/uploads\/2024\/11\/DSC2536-1-1024x683.jpg\" alt=\"\" class=\"wp-image-129\" srcset=\"https:\/\/helberg.pl\/wp-content\/uploads\/2024\/11\/DSC2536-1-1024x683.jpg 1024w, https:\/\/helberg.pl\/wp-content\/uploads\/2024\/11\/DSC2536-1-300x200.jpg 300w, https:\/\/helberg.pl\/wp-content\/uploads\/2024\/11\/DSC2536-1-768x512.jpg 768w, https:\/\/helberg.pl\/wp-content\/uploads\/2024\/11\/DSC2536-1-1536x1024.jpg 1536w, https:\/\/helberg.pl\/wp-content\/uploads\/2024\/11\/DSC2536-1-2048x1365.jpg 2048w\" sizes=\"auto, (max-width: 1024px) 100vw, 1024px\" \/><\/figure>\n\n\n\n<figure class=\"wp-block-image size-large\"><img loading=\"lazy\" decoding=\"async\" width=\"1024\" height=\"683\" data-id=\"126\" src=\"https:\/\/helberg.pl\/wp-content\/uploads\/2024\/11\/DSC2546-1024x683.jpg\" alt=\"\" class=\"wp-image-126\" srcset=\"https:\/\/helberg.pl\/wp-content\/uploads\/2024\/11\/DSC2546-1024x683.jpg 1024w, https:\/\/helberg.pl\/wp-content\/uploads\/2024\/11\/DSC2546-300x200.jpg 300w, https:\/\/helberg.pl\/wp-content\/uploads\/2024\/11\/DSC2546-768x512.jpg 768w, https:\/\/helberg.pl\/wp-content\/uploads\/2024\/11\/DSC2546-1536x1024.jpg 1536w, https:\/\/helberg.pl\/wp-content\/uploads\/2024\/11\/DSC2546-2048x1365.jpg 2048w\" sizes=\"auto, (max-width: 1024px) 100vw, 1024px\" \/><\/figure>\n\n\n\n<figure class=\"wp-block-image size-large\"><img loading=\"lazy\" decoding=\"async\" width=\"683\" height=\"1024\" data-id=\"130\" src=\"https:\/\/helberg.pl\/wp-content\/uploads\/2024\/11\/DSC2550-683x1024.jpg\" alt=\"\" class=\"wp-image-130\" srcset=\"https:\/\/helberg.pl\/wp-content\/uploads\/2024\/11\/DSC2550-683x1024.jpg 683w, https:\/\/helberg.pl\/wp-content\/uploads\/2024\/11\/DSC2550-200x300.jpg 200w, https:\/\/helberg.pl\/wp-content\/uploads\/2024\/11\/DSC2550-768x1152.jpg 768w, https:\/\/helberg.pl\/wp-content\/uploads\/2024\/11\/DSC2550-1024x1536.jpg 1024w, https:\/\/helberg.pl\/wp-content\/uploads\/2024\/11\/DSC2550-1365x2048.jpg 1365w, https:\/\/helberg.pl\/wp-content\/uploads\/2024\/11\/DSC2550-scaled.jpg 1707w\" sizes=\"auto, (max-width: 683px) 100vw, 683px\" \/><\/figure>\n\n\n\n<figure class=\"wp-block-image size-large\"><img loading=\"lazy\" decoding=\"async\" width=\"1024\" height=\"683\" data-id=\"131\" src=\"https:\/\/helberg.pl\/wp-content\/uploads\/2024\/11\/DSC2532-1024x683.jpg\" alt=\"\" class=\"wp-image-131\" srcset=\"https:\/\/helberg.pl\/wp-content\/uploads\/2024\/11\/DSC2532-1024x683.jpg 1024w, https:\/\/helberg.pl\/wp-content\/uploads\/2024\/11\/DSC2532-300x200.jpg 300w, https:\/\/helberg.pl\/wp-content\/uploads\/2024\/11\/DSC2532-768x512.jpg 768w, https:\/\/helberg.pl\/wp-content\/uploads\/2024\/11\/DSC2532-1536x1024.jpg 1536w, https:\/\/helberg.pl\/wp-content\/uploads\/2024\/11\/DSC2532-2048x1365.jpg 2048w\" sizes=\"auto, (max-width: 1024px) 100vw, 1024px\" \/><\/figure>\n<\/figure>\n\n\n\n<p><\/p>\n\n\n\n<p><\/p>\n","protected":false},"excerpt":{"rendered":"<p>Autoklaw klasy B &#8211; Helberg Life o pojemno\u015bci 18l oraz 22l z drukark\u0105 Autoklaw paro-ci\u015bnieniowy Helberg Life o pojemno\u015bci 18L to doskona\u0142e urz\u0105dzenie do sterylizacji narz\u0119dzi w gabinetach lekarskich, stomatologicznych, &#8230;<\/p>\n","protected":false},"author":1,"featured_media":0,"parent":0,"menu_order":0,"comment_status":"closed","ping_status":"closed","template":"","meta":{"om_disable_all_campaigns":false,"footnotes":""},"class_list":["post-118","page","type-page","status-publish","hentry"],"_links":{"self":[{"href":"https:\/\/helberg.pl\/index.php\/wp-json\/wp\/v2\/pages\/118","targetHints":{"allow":["GET"]}}],"collection":[{"href":"https:\/\/helberg.pl\/index.php\/wp-json\/wp\/v2\/pages"}],"about":[{"href":"https:\/\/helberg.pl\/index.php\/wp-json\/wp\/v2\/types\/page"}],"author":[{"embeddable":true,"href":"https:\/\/helberg.pl\/index.php\/wp-json\/wp\/v2\/users\/1"}],"replies":[{"embeddable":true,"href":"https:\/\/helberg.pl\/index.php\/wp-json\/wp\/v2\/comments?post=118"}],"version-history":[{"count":10,"href":"https:\/\/helberg.pl\/index.php\/wp-json\/wp\/v2\/pages\/118\/revisions"}],"predecessor-version":[{"id":164,"href":"https:\/\/helberg.pl\/index.php\/wp-json\/wp\/v2\/pages\/118\/revisions\/164"}],"wp:attachment":[{"href":"https:\/\/helberg.pl\/index.php\/wp-json\/wp\/v2\/media?parent=118"}],"curies":[{"name":"wp","href":"https:\/\/api.w.org\/{rel}","templated":true}]}}