{"id":11,"date":"2020-12-28T21:03:41","date_gmt":"2020-12-28T20:03:41","guid":{"rendered":"http:\/\/helberg.pl\/?page_id=11"},"modified":"2026-01-15T12:30:58","modified_gmt":"2026-01-15T11:30:58","slug":"koncentratory-tlenu","status":"publish","type":"page","link":"https:\/\/helberg.pl\/index.php\/koncentratory-tlenu\/","title":{"rendered":"Koncentrator Tlenu"},"content":{"rendered":"\n<p><strong>Koncentrator tlenu Helberg SZ-5BW<\/strong><\/p>\n\n\n\n<div class=\"wp-block-buttons is-layout-flex wp-block-buttons-is-layout-flex\">\n<div class=\"wp-block-button\"><a class=\"wp-block-button__link wp-element-button\" href=\"http:\/\/gabinetspa.pl\/koncentrator-thenu-helberg-sz-5bw-5lmin-p-81.html\" target=\"_blank\" rel=\"noreferrer noopener\">Przejd\u017a do sklepu aby zam\u00f3wi\u0107 urz\u0105dzenie<\/a><\/div>\n<\/div>\n\n\n<div class=\"wp-block-image\">\n<figure class=\"aligncenter size-large\"><img loading=\"lazy\" decoding=\"async\" width=\"768\" height=\"1024\" src=\"http:\/\/helberg.pl\/wp-content\/uploads\/2021\/02\/1932a-768x1024.jpg\" alt=\"\" class=\"wp-image-67\" srcset=\"https:\/\/helberg.pl\/wp-content\/uploads\/2021\/02\/1932a-768x1024.jpg 768w, https:\/\/helberg.pl\/wp-content\/uploads\/2021\/02\/1932a-225x300.jpg 225w, https:\/\/helberg.pl\/wp-content\/uploads\/2021\/02\/1932a.jpg 840w\" sizes=\"auto, (max-width: 768px) 100vw, 768px\" \/><\/figure>\n<\/div>\n\n\n<p>Koncentrator HELBERG SZ-5BW jest niezawodnym wysokiej jako\u015bci sprz\u0119tem medycznym dedykowanym dla pacjent\u00f3w dla kt\u00f3rych tlenoterapia jest niezb\u0119dna do codziennego funkcjonowania. Nale\u017cy pami\u0119ta\u0107 \u017ce s\u0142u\u017cy on do dostarczania dodatkowego tlenu osobom tego wymagaj\u0105cym. Urz\u0105dzenie nie jest przeznaczone do podtrzymywania funkcji \u017cyciowych.<\/p>\n\n\n\n<p>Koncentrator tlenu Helberg SZ-5BW to urz\u0105dzenie o wysokim poziomie estetyki wykonania. Jest urz\u0105dzeniem niezwykle cichym, mierzona g\u0142o\u015bno\u015b\u0107 nie przekracza 41 dB co jest rewelacyjnym wynikiem. Urz\u0105dzenie jest bardzo \u0142atwe w transporcie i przesuwaniu, posiada uchwyt oraz cztery zwrotne k\u00f3\u0142ka. Urz\u0105dzenie jest wyposa\u017cone w alarm niskiego poziomu tlenu a jego konsumpcja pr\u0105du jest na bardzo dobrym poziomie i nie przekracza 500W.<\/p>\n\n\n\n<p>Urz\u0105dzenie spe\u0142nia wymogi dyrektywy 93\/42\/EEC dotycz\u0105cej produkt\u00f3w medycznych oraz posiada medyczny certyfikat CE wydany przez niemieckie laboratorium TUV SUD<\/p>\n\n\n<div class=\"wp-block-image\">\n<figure class=\"aligncenter size-large\"><img loading=\"lazy\" decoding=\"async\" width=\"348\" height=\"503\" src=\"http:\/\/helberg.pl\/wp-content\/uploads\/2021\/02\/kt3a-1.jpg\" alt=\"\" class=\"wp-image-72\" srcset=\"https:\/\/helberg.pl\/wp-content\/uploads\/2021\/02\/kt3a-1.jpg 348w, https:\/\/helberg.pl\/wp-content\/uploads\/2021\/02\/kt3a-1-208x300.jpg 208w\" sizes=\"auto, (max-width: 348px) 100vw, 348px\" \/><\/figure>\n<\/div>\n\n<div class=\"wp-block-image\">\n<figure class=\"aligncenter size-large\"><img loading=\"lazy\" decoding=\"async\" width=\"434\" height=\"578\" src=\"http:\/\/helberg.pl\/wp-content\/uploads\/2021\/02\/kt1a.jpg\" alt=\"\" class=\"wp-image-73\" srcset=\"https:\/\/helberg.pl\/wp-content\/uploads\/2021\/02\/kt1a.jpg 434w, https:\/\/helberg.pl\/wp-content\/uploads\/2021\/02\/kt1a-225x300.jpg 225w\" sizes=\"auto, (max-width: 434px) 100vw, 434px\" \/><\/figure>\n<\/div>\n\n\n<p><strong>Zalety tlenoterapii:<\/strong><\/p>\n\n\n\n<ul class=\"wp-block-list\">\n<li>zwi\u0119kszanie poziomu tlenu we krwi<\/li>\n\n\n\n<li>ograniczenie post\u0119pu chor\u00f3b uk\u0142adu oddechowego<\/li>\n\n\n\n<li>poprawa samopoczucia<\/li>\n\n\n\n<li>zwi\u0119kszenie wydolno\u015bci fizycznej<\/li>\n\n\n\n<li>poprawa dotlenienia narz\u0105d\u00f3w wewn\u0119trznych<\/li>\n\n\n\n<li>zwi\u0119kszenie odporno\u015bci organizmu<\/li>\n\n\n\n<li>poprawa koncentracji<\/li>\n\n\n\n<li>\u0142agodzenie dolegliwo\u015bci: os\u0142abienie, zaburzenia snu, stany zapalne, b\u00f3le i zawroty g\u0142owy.<\/li>\n<\/ul>\n\n\n\n<p><strong>Dane techniczne:<\/strong><br>Poziom tlenu 93% dla przep\u0142ywu 5 L\/min<br>Poziom st\u0119\u017cenia tlenu dla mniejszych przep\u0142yw\u00f3w 95,5% (+\/-3%)<br>Ci\u015bnienie 8,5 psi (58.6 kpa)<br>Zu\u017cycie pr\u0105du: 500W<br>Zasilanie 220-240V, 50Hz<br>Temperatura pracy: 10\u00baC &#8211; 40\u00baC<br>Wilgotno\u015b\u0107 pracy: : 30- 70%<br>Waga: 21kg<br>Poziom ha\u0142asu &lt;41dbA<br>Wymiary 400 x 300 x 510mm<br>Temperatura przechowywania.: -20\u00baC &#8211; 50\u00baC<br>Wilgotno\u015b\u0107 przechowywania: 0 &#8211; 95%<br>Ci\u015bnienie: 50\/106kpa<br>Alarm niskiego st\u0119\u017cenia tlenu: Tak<\/p>\n","protected":false},"excerpt":{"rendered":"<p>Koncentrator tlenu Helberg SZ-5BW Koncentrator HELBERG SZ-5BW jest niezawodnym wysokiej jako\u015bci sprz\u0119tem medycznym dedykowanym dla pacjent\u00f3w dla kt\u00f3rych tlenoterapia jest niezb\u0119dna do codziennego funkcjonowania. Nale\u017cy pami\u0119ta\u0107 \u017ce s\u0142u\u017cy on do &#8230;<\/p>\n","protected":false},"author":1,"featured_media":0,"parent":0,"menu_order":0,"comment_status":"closed","ping_status":"closed","template":"","meta":{"om_disable_all_campaigns":false,"footnotes":""},"class_list":["post-11","page","type-page","status-publish","hentry"],"_links":{"self":[{"href":"https:\/\/helberg.pl\/index.php\/wp-json\/wp\/v2\/pages\/11","targetHints":{"allow":["GET"]}}],"collection":[{"href":"https:\/\/helberg.pl\/index.php\/wp-json\/wp\/v2\/pages"}],"about":[{"href":"https:\/\/helberg.pl\/index.php\/wp-json\/wp\/v2\/types\/page"}],"author":[{"embeddable":true,"href":"https:\/\/helberg.pl\/index.php\/wp-json\/wp\/v2\/users\/1"}],"replies":[{"embeddable":true,"href":"https:\/\/helberg.pl\/index.php\/wp-json\/wp\/v2\/comments?post=11"}],"version-history":[{"count":12,"href":"https:\/\/helberg.pl\/index.php\/wp-json\/wp\/v2\/pages\/11\/revisions"}],"predecessor-version":[{"id":166,"href":"https:\/\/helberg.pl\/index.php\/wp-json\/wp\/v2\/pages\/11\/revisions\/166"}],"wp:attachment":[{"href":"https:\/\/helberg.pl\/index.php\/wp-json\/wp\/v2\/media?parent=11"}],"curies":[{"name":"wp","href":"https:\/\/api.w.org\/{rel}","templated":true}]}}